{"id":60,"date":"2021-01-29T23:08:37","date_gmt":"2021-01-29T23:08:37","guid":{"rendered":"http:\/\/gepmaintenance.com\/?page_id=60"},"modified":"2021-01-29T23:33:42","modified_gmt":"2021-01-29T23:33:42","slug":"algunos-clientes","status":"publish","type":"page","link":"https:\/\/gepmaintenance.com\/index.php\/algunos-clientes\/","title":{"rendered":"Nuestro Clientes"},"content":{"rendered":"\n<p>VESERLAB S.A.S<\/p>\n\n\n\n<p>Cosmeticos SLENDY<\/p>\n\n\n\n<p>BIOSTAR Pharmaceutica s.a<\/p>\n\n\n\n<p>Laboratorio Cosm\u00e9tico FIAMME<\/p>\n\n\n\n<p>ARTHA CARE farmac\u00e9utica<\/p>\n\n\n\n<p>Laboratorio Cosm\u00e9tico LISSIA.<\/p>\n\n\n\n<p>ONLYPHARM S.A.S<\/p>\n\n\n\n<p>SPA LOOK Laboratorio S.A.S.<\/p>\n\n\n\n<p><\/p>\n","protected":false},"excerpt":{"rendered":"<p>VESERLAB S.A.S Cosmeticos SLENDY BIOSTAR Pharmaceutica s.a Laboratorio Cosm\u00e9tico FIAMME ARTHA CARE farmac\u00e9utica Laboratorio Cosm\u00e9tico LISSIA. ONLYPHARM S.A.S SPA LOOK Laboratorio S.A.S.<\/p>\n","protected":false},"author":1,"featured_media":0,"parent":0,"menu_order":0,"comment_status":"closed","ping_status":"closed","template":"","meta":{"footnotes":""},"class_list":["post-60","page","type-page","status-publish","hentry"],"_links":{"self":[{"href":"https:\/\/gepmaintenance.com\/index.php\/wp-json\/wp\/v2\/pages\/60","targetHints":{"allow":["GET"]}}],"collection":[{"href":"https:\/\/gepmaintenance.com\/index.php\/wp-json\/wp\/v2\/pages"}],"about":[{"href":"https:\/\/gepmaintenance.com\/index.php\/wp-json\/wp\/v2\/types\/page"}],"author":[{"embeddable":true,"href":"https:\/\/gepmaintenance.com\/index.php\/wp-json\/wp\/v2\/users\/1"}],"replies":[{"embeddable":true,"href":"https:\/\/gepmaintenance.com\/index.php\/wp-json\/wp\/v2\/comments?post=60"}],"version-history":[{"count":3,"href":"https:\/\/gepmaintenance.com\/index.php\/wp-json\/wp\/v2\/pages\/60\/revisions"}],"predecessor-version":[{"id":67,"href":"https:\/\/gepmaintenance.com\/index.php\/wp-json\/wp\/v2\/pages\/60\/revisions\/67"}],"wp:attachment":[{"href":"https:\/\/gepmaintenance.com\/index.php\/wp-json\/wp\/v2\/media?parent=60"}],"curies":[{"name":"wp","href":"https:\/\/api.w.org\/{rel}","templated":true}]}}