{"id":18,"date":"2021-01-25T22:06:09","date_gmt":"2021-01-25T22:06:09","guid":{"rendered":"http:\/\/gepmaintenance.com\/?page_id=18"},"modified":"2021-10-02T06:14:23","modified_gmt":"2021-10-02T06:14:23","slug":"servicios","status":"publish","type":"page","link":"https:\/\/gepmaintenance.com\/index.php\/servicios\/","title":{"rendered":"SERVICIOS"},"content":{"rendered":"\n<ol class=\"has-normal-font-size wp-block-list\"><li><em><code><kbd><strong>DISE\u00d1O, MONTAJE DE SISTEMAS DE VENTILACION MEC\u00c1NICA Y EJECUCION DE ACTIVIDADES DE MANTENIMIENTO<\/strong>.<\/kbd><\/code><\/em><\/li><\/ol>\n\n\n\n<p>Unidades De Suministro, Extracci\u00f3n, Ductos de ventilaci\u00f3n, Colector De Polvos, Campanas De Extracci\u00f3n.<\/p>\n\n\n\n<figure class=\"wp-block-gallery columns-1 is-cropped wp-block-gallery-1 is-layout-flex wp-block-gallery-is-layout-flex\"><ul class=\"blocks-gallery-grid\"><li class=\"blocks-gallery-item\"><figure><img loading=\"lazy\" decoding=\"async\" width=\"336\" height=\"448\" src=\"http:\/\/gepmaintenance.com\/wp-content\/uploads\/2021\/05\/web1.jpg\" alt=\"\" data-id=\"178\" data-full-url=\"http:\/\/gepmaintenance.com\/wp-content\/uploads\/2021\/05\/web1.jpg\" data-link=\"http:\/\/gepmaintenance.com\/index.php\/servicios\/smart-2\/\" class=\"wp-image-178\" srcset=\"https:\/\/gepmaintenance.com\/wp-content\/uploads\/2021\/05\/web1.jpg 336w, https:\/\/gepmaintenance.com\/wp-content\/uploads\/2021\/05\/web1-225x300.jpg 225w\" sizes=\"auto, (max-width: 336px) 100vw, 336px\" \/><figcaption class=\"blocks-gallery-item__caption\">smart<\/figcaption><\/figure><\/li><\/ul><\/figure>\n\n\n\n<p class=\"has-normal-font-size\"><em>2.<strong>DISE\u00d1O DE MAQUINAS Y EJECUCION DE ACTIVIDADES DE MANTENIMIENTO ELECTRICO Y MECANICA EN EQUIPOS DE PRODUCCION .<\/strong><\/em><\/p>\n\n\n\n<figure class=\"wp-block-image\"><img decoding=\"async\" src=\"http:\/\/gepmaintenance.com\/wp-content\/uploads\/2021\/05\/envasadora-web..jpg\" alt=\"\"\/><\/figure>\n\n\n\n<figure class=\"wp-block-gallery columns-0 is-cropped wp-block-gallery-2 is-layout-flex wp-block-gallery-is-layout-flex\"><ul class=\"blocks-gallery-grid\"><\/ul><\/figure>\n\n\n\n\n\n<p>Mezcladores, Envasadora de liquido y semis\u00f3lidos, cerradoras de tarros, tanques de agitaci\u00f3n.<\/p>\n\n\n\n<p class=\"has-normal-font-size\"><em>3.  <strong>GESTION DOCUMENTAL EN MANTENIMIENTO.<\/strong><\/em><\/p>\n\n\n\n<p>Gesti\u00f3n de la documentaci\u00f3n t\u00e9cnica. (Formatos para fichas t\u00e9cnicas, Procedimientos,&nbsp; protocolos, Repuestos). Dise\u00f1o del Plan y cronograma de Mantenimiento. (Rutas de trabajo, lubricaci\u00f3n, Estrategias de Mantenimiento).<\/p>\n\n\n\n<figure class=\"wp-block-gallery columns-0 is-cropped wp-block-gallery-3 is-layout-flex wp-block-gallery-is-layout-flex\"><ul class=\"blocks-gallery-grid\"><\/ul><\/figure>\n\n\n\n<p class=\"has-normal-font-size\"><em>4. <strong>SOLUCIONES DE DISE\u00d1O EN 3D<\/strong><\/em><strong>.<\/strong><\/p>\n\n\n\n<p>Dise\u00f1o mec\u00e1nico de equipos, planos de distribuci\u00f3n en planta y sistemas mediante&nbsp; programas especializados.&nbsp; .<\/p>\n\n\n\n<figure class=\"wp-block-gallery columns-0 is-cropped wp-block-gallery-4 is-layout-flex wp-block-gallery-is-layout-flex\"><ul class=\"blocks-gallery-grid\"><\/ul><\/figure>\n\n\n\n<p class=\"has-normal-font-size\"><em>5. <strong>DISE\u00d1O,GESTION Y DIRECCION DE PROYECTOS<\/strong><\/em><strong>.<\/strong><\/p>\n\n\n\n<p>Dise\u00f1o de modificaciones a planta (Aire comprimido, sistema de ventilaci\u00f3n, red el\u00e9ctrica, infraestructura).&nbsp;&nbsp; ejecuci\u00f3n de obra, puesta en servicio. Aplicaci\u00f3n de la metodolog\u00eda del PMI durante el ciclo de vida del proyecto: inicio, Organizaci\u00f3n y preparaci\u00f3n, ejecuci\u00f3n del trabajo y cierre.<\/p>\n\n\n\n<figure class=\"wp-block-gallery columns-0 is-cropped wp-block-gallery-5 is-layout-flex wp-block-gallery-is-layout-flex\"><ul class=\"blocks-gallery-grid\"><\/ul><\/figure>\n\n\n\n<p><\/p>\n","protected":false},"excerpt":{"rendered":"<p>2.DISE\u00d1O DE MAQUINAS Y EJECUCION DE ACTIVIDADES DE MANTENIMIENTO ELECTRICO Y MECANICA EN EQUIPOS DE PRODUCCION . Mezcladores, Envasadora de liquido y semis\u00f3lidos, cerradoras de tarros, tanques de agitaci\u00f3n. 3. GESTION DOCUMENTAL EN MANTENIMIENTO. Gesti\u00f3n de la documentaci\u00f3n t\u00e9cnica. (Formatos para fichas t\u00e9cnicas, Procedimientos,&nbsp; protocolos, Repuestos). Dise\u00f1o del Plan y cronograma de Mantenimiento. (Rutas de [&hellip;]<\/p>\n","protected":false},"author":1,"featured_media":0,"parent":0,"menu_order":0,"comment_status":"closed","ping_status":"closed","template":"","meta":{"footnotes":""},"class_list":["post-18","page","type-page","status-publish","hentry"],"_links":{"self":[{"href":"https:\/\/gepmaintenance.com\/index.php\/wp-json\/wp\/v2\/pages\/18","targetHints":{"allow":["GET"]}}],"collection":[{"href":"https:\/\/gepmaintenance.com\/index.php\/wp-json\/wp\/v2\/pages"}],"about":[{"href":"https:\/\/gepmaintenance.com\/index.php\/wp-json\/wp\/v2\/types\/page"}],"author":[{"embeddable":true,"href":"https:\/\/gepmaintenance.com\/index.php\/wp-json\/wp\/v2\/users\/1"}],"replies":[{"embeddable":true,"href":"https:\/\/gepmaintenance.com\/index.php\/wp-json\/wp\/v2\/comments?post=18"}],"version-history":[{"count":17,"href":"https:\/\/gepmaintenance.com\/index.php\/wp-json\/wp\/v2\/pages\/18\/revisions"}],"predecessor-version":[{"id":232,"href":"https:\/\/gepmaintenance.com\/index.php\/wp-json\/wp\/v2\/pages\/18\/revisions\/232"}],"wp:attachment":[{"href":"https:\/\/gepmaintenance.com\/index.php\/wp-json\/wp\/v2\/media?parent=18"}],"curies":[{"name":"wp","href":"https:\/\/api.w.org\/{rel}","templated":true}]}}